{"id":864,"date":"2023-01-24T15:05:25","date_gmt":"2023-01-24T14:05:25","guid":{"rendered":"https:\/\/dev.everpress.everapps.dev\/?page_id=864"},"modified":"2025-09-11T13:52:21","modified_gmt":"2025-09-11T11:52:21","slug":"startseite","status":"publish","type":"page","link":"https:\/\/www.stockelevents.de\/katalog\/","title":{"rendered":"Startseite"},"content":{"rendered":"\n\t<div class=\"ep-content-dynamic  bg-light space \"><div class=\"row   default-start default-top\"><h1 class=\"col align-left\">Eventservice  <span class=\"subline\">f\u00fcr Norddeutschland<\/span><\/h1><div class=\"col medium-6 large-7 \"><p>Planen Sie eine Feier und m\u00f6chten Organisation und Highlights einem zuverl\u00e4ssigen Profi \u00fcberlassen? W\u00fcnschen Sie sich besondere Akzente wie eine mobile Cocktailbar oder suchen noch nach Ideen f\u00fcr Ihr n\u00e4chstes Event? Dann sind Sie bei Stockel-Events genau richtig \u2013 Ihrem erfahrenen Partyservice aus Bentwisch!<\/p>\n<p>Florian Stockel und sein Team stehen Ihnen unter anderem mit folgenden Leistungen zur Seite:<\/p>\n<ul>\n<li>Mobiler Cocktail- &amp; Getr\u00e4nkeservice<\/li>\n<li>Verleih von Partyzelten<\/li>\n<li>Dekorationskonzepte &amp; -verleih<\/li>\n<li>Catering und Funfood-Angebote<\/li>\n<\/ul>\n<p>Unser junges, dynamisches Unternehmen ist weit \u00fcber die Region hinaus im Einsatz. Ob in Rostock, Wismar, Schwerin, Stralsund, L\u00fcneburg, Hamburg oder Berlin \u2013 wir bringen Stimmung, Ausstattung und Erfahrung direkt zu Ihnen. Von Geburtstagen und Jugendweihen \u00fcber Hochzeiten bis hin zu Firmenveranstaltungen: In ganz Norddeutschland machen wir Ihr Event zu einem echten Erlebnis.<\/p>\n<\/div><div class=\"col medium-6 large-5 \"><div class=\"imageContainer\"><a class=\"modal-gallery\" title=\"Stockelevents - Party bei Sonnenuntergang\" href=\"https:\/\/www.stockelevents.de\/katalog\/wp-content\/uploads\/2025\/09\/stockelevents-7largede7sljypnj.jpg\"><picture ><source media=\"(max-width: 480px)\" srcset=\"https:\/\/www.stockelevents.de\/katalog\/wp-content\/uploads\/2025\/09\/stockelevents-7largede7sljypnj-480x319.jpg\"><source media=\"(max-width: 760px)\" srcset=\"https:\/\/www.stockelevents.de\/katalog\/wp-content\/uploads\/2025\/09\/stockelevents-7largede7sljypnj-760x505.jpg\"><source media=\"(max-width: 1200px)\" srcset=\"https:\/\/www.stockelevents.de\/katalog\/wp-content\/uploads\/2025\/09\/stockelevents-7largede7sljypnj-1200x798.jpg\"><img decoding=\"async\" class=\"non-fluid\" style=\"aspect-ratio: 1.5 \/ 1\" loading=\"lazy\" alt=\"Stockelevents - Party bei Sonnenuntergang\" title=\"Stockelevents &#8211; Party bei Sonnenuntergang\" src=\"https:\/\/www.stockelevents.de\/katalog\/wp-content\/uploads\/2025\/09\/stockelevents-7largede7sljypnj.jpg\"><\/picture><\/a><\/div><\/div><\/div><\/div>\n\t\n\n\n<div class=\"ep-products-teaser  bg-medium space\">\n<div class=\"row\">\n\n\t\n\t<div class=\"col ep-title-container\"><h2>Unsere aktuellen Produkte &#8211;  <span class=\"subline\">werden Sie jetzt f\u00fcndig<\/span><\/h2><\/div>\n\n\t<div class=\"col\">\n\t\t<p>Keine Produkte gefunden<\/p><\/div>\n\n<\/div>\n<\/div>\n\n\t\n\n\n\t<div class=\"ep-content-dynamic  bg-light space \"><div class=\"row   default-between default-top\"><div class=\"col medium-6 giant-5 \"><div class=\"box box-big\"><h3>Leistungen &#8211; Dekoservice &amp; -verleih:<\/h3>\n<ul>\n<li>Tischdekoration f\u00fcr jeden Anlass<\/li>\n<li>Raum- und Wanddekoration<\/li>\n<li>Themen- &amp; Mottodeko<\/li>\n<li>Lieferung, Aufbau und Abholung<\/li>\n<\/ul>\n<div class=\"buttonContainer\"><\/div><\/div><\/div><div class=\"col medium-6 \"><h2>Eventservice mit vielseitigem Deko-Verleih<\/h2>\n<p>Unser Dekoverleih bietet die passende Ausstattung f\u00fcr private Feiern ebenso wie f\u00fcr gesch\u00e4ftliche Veranstaltungen. W\u00e4hlen Sie aus einer gro\u00dfen Vielfalt an Stilrichtungen \u2013 von modern und elegant bis hin zu Boho und rustikal. Ob stimmungsvolle Beleuchtung, detailreiche Tischdeko oder komplette Raumgestaltung: Wir stellen sicher, dass Ihr Event genau die Atmosph\u00e4re erh\u00e4lt, die Sie sich w\u00fcnschen.<\/p>\n<p>Gerade bei Hochzeiten ist die Anmietung von Dekoration eine beliebte L\u00f6sung. Sie genie\u00dfen ein einzigartiges Ambiente, ohne alles kaufen zu m\u00fcssen \u2013 und sparen dabei Zeit, Platz und Aufwand. Mit unserem Rundum-Service, inklusive Anlieferung und Montage, bleibt Ihnen mehr Raum, sich ganz auf den sch\u00f6nsten Tag Ihres Lebens zu konzentrieren.<\/p>\n<\/div><\/div><\/div>\n\t\n\n\n\t\n\n\t<div class=\"ep-block-categories-teaser ep-kategorie-teaser bg-medium space\">\n\t\t<div class=\"row\">\n\n\t\t\t\n\t\t\t<div class=\"col ep-title-container\"><h2>Unsere Produktkategorien  <span class=\"subline\"><\/span><\/h2><a title=\"Eventmodule &amp; Eventservice in Norddeutschland | Stockel-Events\" class=\"btn weight-bold icon icon-after-arrow-right margin-bottom\" target=\"_self\" href=\"https:\/\/www.stockelevents.de\/katalog\/produkte\/\">Alle Kategorien ansehen<\/a><\/div>\n\t\n\t\t\t\t\t\t\t<div class=\"col\">\n\t\t\t\t\t\t\t\t\t<\/div>\n\t\t\t\t\n\t\t<\/div>\n\t<\/div>\n\n\t\n\n\n\t<div class=\"ep-content-dynamic  bg-light space \"><div class=\"row   default-start default-stretch\"><h2 class=\"col align-center\">Beispielbereich  <span class=\"subline\">f\u00fcr die Darstellung individueller Teaser<\/span><\/h2><div class=\"col small-6 medium-4 \"><a class=\"ep_indiv_teaserContainer \" href=\"\/katalog\/produkt-kategorie\/mobile-cocktailbar\/\" title=\"Zur Kategorie mobile Cocktailbar\"><img decoding=\"async\" class=\"non-fluid\" style=\"aspect-ratio: 1.5 \/ 1\" loading=\"lazy\" alt=\"Cocktail \/ Getr\u00e4nkeservice\" title=\"Cocktail \/ Getr\u00e4nkeservice\" src=\"https:\/\/www.stockelevents.de\/katalog\/wp-content\/uploads\/2025\/09\/cocktail-getraenkeservice.jpg\"><p>Mobile Cocktailbar<\/p>\n<p>Verwandle deine Feier in ein unvergessliches Event: Mit unserem professionellen Cocktail- &amp; Getr\u00e4nke-Service bringen wir Bar-Feeling direkt zu dir. Frisch gemixte Drinks, stilvolles Bar-Equipment und erfahrene Barkeeper sorgen f\u00fcr perfekte Stimmung \u2013 egal ob Hochzeit, Firmenfeier oder privates Event.<\/p>\n<div class=\"buttonContainer\"><span class=\"btn btn\">Mobile Cocktailbar<\/span><\/div><\/a><\/div><div class=\"col small-6 medium-4 \"><a class=\"ep_indiv_teaserContainer \" href=\"\/katalog\/produkt-kategorie\/partyzelt\/\" title=\"Zur Kategorie Partyzelt\"><img decoding=\"async\" class=\"non-fluid\" style=\"aspect-ratio: 1.5 \/ 1\" loading=\"lazy\" alt=\"Partyzeltverleih\" title=\"Partyzeltverleih\" src=\"https:\/\/www.stockelevents.de\/katalog\/wp-content\/uploads\/2025\/09\/partyzeltverleih.jpg\"><p>Partyzeltverleih<\/p>\n<p>Damit deine Feier bei jedem Wetter ein voller Erfolg wird: Unsere hochwertigen Partyzelte schaffen Raum f\u00fcr Stimmung, Gem\u00fctlichkeit und unvergessliche Momente. Ob kleine Gartenparty oder gro\u00dfe Veranstaltung \u2013 wir liefern, bauen auf und sorgen f\u00fcr den passenden Rahmen.<\/p>\n<div class=\"buttonContainer\"><span class=\"btn btn\">Partyzelt<\/span><\/div><\/a><\/div><div class=\"col small-6 medium-4 \"><a class=\"ep_indiv_teaserContainer \" href=\"\/katalog\/produkt-kategorie\/dekoration\/\" title=\"Zur Kategorie Dekoration\"><img decoding=\"async\" class=\"non-fluid\" style=\"aspect-ratio: 1.5 \/ 1\" loading=\"lazy\" alt=\"Dekoservice &amp; -verleih\" title=\"Dekoservice &#038; -verleih\" src=\"https:\/\/www.stockelevents.de\/katalog\/wp-content\/uploads\/2025\/09\/dekoservice-verleih.jpg\"><p>Dekoservice &amp; -verleih<\/p>\n<p>Die richtige Atmosph\u00e4re macht jedes Event besonders. Mit unserem Dekoservice &amp; -verleih erh\u00e4ltst du stilvolle Konzepte, abgestimmte Accessoires und liebevolle Details, die deine Feier zum Hingucker machen. Von elegant bis modern \u2013 wir gestalten deine Location nach Wunsch.<\/p>\n<div class=\"buttonContainer\"><span class=\"btn btn\">Dekoration<\/span><\/div><\/a><\/div><\/div><\/div>\n\t","protected":false},"excerpt":{"rendered":"","protected":false},"author":1,"featured_media":0,"parent":0,"menu_order":0,"comment_status":"closed","ping_status":"closed","template":"","meta":{"_acf_changed":false,"footnotes":""},"class_list":["post-864","page","type-page","status-publish","hentry"],"acf":[],"_links":{"self":[{"href":"https:\/\/www.stockelevents.de\/katalog\/wp-json\/wp\/v2\/pages\/864","targetHints":{"allow":["GET"]}}],"collection":[{"href":"https:\/\/www.stockelevents.de\/katalog\/wp-json\/wp\/v2\/pages"}],"about":[{"href":"https:\/\/www.stockelevents.de\/katalog\/wp-json\/wp\/v2\/types\/page"}],"author":[{"embeddable":true,"href":"https:\/\/www.stockelevents.de\/katalog\/wp-json\/wp\/v2\/users\/1"}],"replies":[{"embeddable":true,"href":"https:\/\/www.stockelevents.de\/katalog\/wp-json\/wp\/v2\/comments?post=864"}],"version-history":[{"count":6,"href":"https:\/\/www.stockelevents.de\/katalog\/wp-json\/wp\/v2\/pages\/864\/revisions"}],"predecessor-version":[{"id":6504,"href":"https:\/\/www.stockelevents.de\/katalog\/wp-json\/wp\/v2\/pages\/864\/revisions\/6504"}],"wp:attachment":[{"href":"https:\/\/www.stockelevents.de\/katalog\/wp-json\/wp\/v2\/media?parent=864"}],"curies":[{"name":"wp","href":"https:\/\/api.w.org\/{rel}","templated":true}]}}