{"id":6841,"date":"2026-01-22T09:28:32","date_gmt":"2026-01-22T08:28:32","guid":{"rendered":"https:\/\/www.stockelevents.de\/katalog\/?post_type=product&#038;p=6841"},"modified":"2026-01-22T09:28:32","modified_gmt":"2026-01-22T08:28:32","slug":"weisser-stoff-fuer-traubogen","status":"publish","type":"product","link":"https:\/\/www.stockelevents.de\/katalog\/produkt\/weisser-stoff-fuer-traubogen\/","title":{"rendered":"Wei\u00dfer Stoff f\u00fcr Traubogen"},"content":{"rendered":"<p>L\u00e4nge: 6m<\/p>\n","protected":false},"excerpt":{"rendered":"<p>L\u00e4nge: 6m<\/p>\n","protected":false},"featured_media":6842,"template":"","meta":{"_acf_changed":false},"product_brand":[],"product_cat":[397],"product_tag":[399,395,398],"class_list":{"0":"post-6841","1":"product","2":"type-product","3":"status-publish","4":"has-post-thumbnail","6":"product_cat-trauboegen","7":"product_tag-bogen","8":"product_tag-stoff","9":"product_tag-trauung","11":"first","12":"instock","13":"shipping-taxable","14":"purchasable","15":"product-type-simple"},"acf":[],"_links":{"self":[{"href":"https:\/\/www.stockelevents.de\/katalog\/wp-json\/wp\/v2\/product\/6841","targetHints":{"allow":["GET"]}}],"collection":[{"href":"https:\/\/www.stockelevents.de\/katalog\/wp-json\/wp\/v2\/product"}],"about":[{"href":"https:\/\/www.stockelevents.de\/katalog\/wp-json\/wp\/v2\/types\/product"}],"wp:featuredmedia":[{"embeddable":true,"href":"https:\/\/www.stockelevents.de\/katalog\/wp-json\/wp\/v2\/media\/6842"}],"wp:attachment":[{"href":"https:\/\/www.stockelevents.de\/katalog\/wp-json\/wp\/v2\/media?parent=6841"}],"wp:term":[{"taxonomy":"product_brand","embeddable":true,"href":"https:\/\/www.stockelevents.de\/katalog\/wp-json\/wp\/v2\/product_brand?post=6841"},{"taxonomy":"product_cat","embeddable":true,"href":"https:\/\/www.stockelevents.de\/katalog\/wp-json\/wp\/v2\/product_cat?post=6841"},{"taxonomy":"product_tag","embeddable":true,"href":"https:\/\/www.stockelevents.de\/katalog\/wp-json\/wp\/v2\/product_tag?post=6841"}],"curies":[{"name":"wp","href":"https:\/\/api.w.org\/{rel}","templated":true}]}}