{"id":6909,"date":"2026-01-22T11:12:07","date_gmt":"2026-01-22T10:12:07","guid":{"rendered":"https:\/\/www.stockelevents.de\/katalog\/?post_type=product&#038;p=6909"},"modified":"2026-01-22T11:12:07","modified_gmt":"2026-01-22T10:12:07","slug":"kaffeemaschine","status":"publish","type":"product","link":"https:\/\/www.stockelevents.de\/katalog\/produkt\/kaffeemaschine\/","title":{"rendered":"Kaffeemaschine"},"content":{"rendered":"<ul>\n<li>Fassverm\u00f6gen: 9L<\/li>\n<li>Aufbr\u00fchen des Kaffees ohne Filterpapier m\u00f6glich<\/li>\n<\/ul>\n","protected":false},"excerpt":{"rendered":"<p>Fassverm\u00f6gen: 9L Aufbr\u00fchen des Kaffees ohne Filterpapier m\u00f6glich<\/p>\n","protected":false},"featured_media":6910,"template":"","meta":{"_acf_changed":false},"product_brand":[],"product_cat":[419],"product_tag":[354,367,348,427],"class_list":{"0":"post-6909","1":"product","2":"type-product","3":"status-publish","4":"has-post-thumbnail","6":"product_cat-gastrobedarf","7":"product_tag-getraenke","8":"product_tag-kaffee","9":"product_tag-maschine","10":"product_tag-spender","12":"first","13":"instock","14":"shipping-taxable","15":"purchasable","16":"product-type-simple"},"acf":[],"_links":{"self":[{"href":"https:\/\/www.stockelevents.de\/katalog\/wp-json\/wp\/v2\/product\/6909","targetHints":{"allow":["GET"]}}],"collection":[{"href":"https:\/\/www.stockelevents.de\/katalog\/wp-json\/wp\/v2\/product"}],"about":[{"href":"https:\/\/www.stockelevents.de\/katalog\/wp-json\/wp\/v2\/types\/product"}],"wp:featuredmedia":[{"embeddable":true,"href":"https:\/\/www.stockelevents.de\/katalog\/wp-json\/wp\/v2\/media\/6910"}],"wp:attachment":[{"href":"https:\/\/www.stockelevents.de\/katalog\/wp-json\/wp\/v2\/media?parent=6909"}],"wp:term":[{"taxonomy":"product_brand","embeddable":true,"href":"https:\/\/www.stockelevents.de\/katalog\/wp-json\/wp\/v2\/product_brand?post=6909"},{"taxonomy":"product_cat","embeddable":true,"href":"https:\/\/www.stockelevents.de\/katalog\/wp-json\/wp\/v2\/product_cat?post=6909"},{"taxonomy":"product_tag","embeddable":true,"href":"https:\/\/www.stockelevents.de\/katalog\/wp-json\/wp\/v2\/product_tag?post=6909"}],"curies":[{"name":"wp","href":"https:\/\/api.w.org\/{rel}","templated":true}]}}