{"id":7005,"date":"2026-01-26T10:16:09","date_gmt":"2026-01-26T09:16:09","guid":{"rendered":"https:\/\/www.stockelevents.de\/katalog\/?post_type=product&#038;p=7005"},"modified":"2026-01-26T10:16:09","modified_gmt":"2026-01-26T09:16:09","slug":"sonnenschirm","status":"publish","type":"product","link":"https:\/\/www.stockelevents.de\/katalog\/produkt\/sonnenschirm\/","title":{"rendered":"Sonnenschirm"},"content":{"rendered":"<p>&nbsp;<\/p>\n<div class=\"page\" title=\"Page 7\">\n<div class=\"layoutArea\">\n<div class=\"column\">\n<ul>\n<li>\u00d8 2.92 x 2.7 m wei\u00df<\/li>\n<li>inkl. Schirmst\u00e4nder<\/li>\n<li>Schirm aus 100% Polyesterstoff mit UV-Schutz, PA-Beschichtung<\/li>\n<\/ul>\n<\/div>\n<\/div>\n<\/div>\n<p>&nbsp;<\/p>\n","protected":false},"excerpt":{"rendered":"<p>&nbsp; \u00d8 2.92 x 2.7 m wei\u00df inkl. Schirmst\u00e4nder Schirm aus 100% Polyesterstoff mit UV-Schutz, PA-Beschichtung &nbsp;<\/p>\n","protected":false},"featured_media":7006,"template":"","meta":{"_acf_changed":false},"product_brand":[],"product_cat":[463],"product_tag":[413,470,471],"class_list":{"0":"post-7005","1":"product","2":"type-product","3":"status-publish","4":"has-post-thumbnail","6":"product_cat-mobiliar","7":"product_tag-garten","8":"product_tag-schirm","9":"product_tag-sonnen","11":"first","12":"instock","13":"shipping-taxable","14":"purchasable","15":"product-type-simple"},"acf":[],"_links":{"self":[{"href":"https:\/\/www.stockelevents.de\/katalog\/wp-json\/wp\/v2\/product\/7005","targetHints":{"allow":["GET"]}}],"collection":[{"href":"https:\/\/www.stockelevents.de\/katalog\/wp-json\/wp\/v2\/product"}],"about":[{"href":"https:\/\/www.stockelevents.de\/katalog\/wp-json\/wp\/v2\/types\/product"}],"wp:featuredmedia":[{"embeddable":true,"href":"https:\/\/www.stockelevents.de\/katalog\/wp-json\/wp\/v2\/media\/7006"}],"wp:attachment":[{"href":"https:\/\/www.stockelevents.de\/katalog\/wp-json\/wp\/v2\/media?parent=7005"}],"wp:term":[{"taxonomy":"product_brand","embeddable":true,"href":"https:\/\/www.stockelevents.de\/katalog\/wp-json\/wp\/v2\/product_brand?post=7005"},{"taxonomy":"product_cat","embeddable":true,"href":"https:\/\/www.stockelevents.de\/katalog\/wp-json\/wp\/v2\/product_cat?post=7005"},{"taxonomy":"product_tag","embeddable":true,"href":"https:\/\/www.stockelevents.de\/katalog\/wp-json\/wp\/v2\/product_tag?post=7005"}],"curies":[{"name":"wp","href":"https:\/\/api.w.org\/{rel}","templated":true}]}}