{"id":7076,"date":"2026-01-26T13:35:06","date_gmt":"2026-01-26T12:35:06","guid":{"rendered":"https:\/\/www.stockelevents.de\/katalog\/?post_type=product&#038;p=7076"},"modified":"2026-03-05T12:13:29","modified_gmt":"2026-03-05T11:13:29","slug":"barpersonal-kellner","status":"publish","type":"product","link":"https:\/\/www.stockelevents.de\/katalog\/produkt\/barpersonal-kellner\/","title":{"rendered":"Barpersonal\/ Kellner"},"content":{"rendered":"<p>2x Kellner zum Servieren der Getr\u00e4nke und Abr\u00e4umen dreckiger Gl\u00e4ser.<\/p>\n<p>Mindestbuchung 5h pro Person.<\/p>\n<p>Pro Person a 40,00\u20ac netto pro Stunde.<\/p>\n","protected":false},"excerpt":{"rendered":"<p>2x Kellner zum Servieren der Getr\u00e4nke und Abr\u00e4umen dreckiger Gl\u00e4ser. Mindestbuchung 5h pro Person. Pro Person a 40,00\u20ac netto pro Stunde.<\/p>\n","protected":false},"featured_media":7077,"template":"","meta":{"_acf_changed":false},"product_brand":[],"product_cat":[505],"product_tag":[328,506,507],"class_list":{"0":"post-7076","1":"product","2":"type-product","3":"status-publish","4":"has-post-thumbnail","6":"product_cat-dienstleistung","7":"product_tag-bar","8":"product_tag-kellner","9":"product_tag-service","11":"first","12":"instock","13":"shipping-taxable","14":"purchasable","15":"product-type-simple"},"acf":[],"_links":{"self":[{"href":"https:\/\/www.stockelevents.de\/katalog\/wp-json\/wp\/v2\/product\/7076","targetHints":{"allow":["GET"]}}],"collection":[{"href":"https:\/\/www.stockelevents.de\/katalog\/wp-json\/wp\/v2\/product"}],"about":[{"href":"https:\/\/www.stockelevents.de\/katalog\/wp-json\/wp\/v2\/types\/product"}],"wp:featuredmedia":[{"embeddable":true,"href":"https:\/\/www.stockelevents.de\/katalog\/wp-json\/wp\/v2\/media\/7077"}],"wp:attachment":[{"href":"https:\/\/www.stockelevents.de\/katalog\/wp-json\/wp\/v2\/media?parent=7076"}],"wp:term":[{"taxonomy":"product_brand","embeddable":true,"href":"https:\/\/www.stockelevents.de\/katalog\/wp-json\/wp\/v2\/product_brand?post=7076"},{"taxonomy":"product_cat","embeddable":true,"href":"https:\/\/www.stockelevents.de\/katalog\/wp-json\/wp\/v2\/product_cat?post=7076"},{"taxonomy":"product_tag","embeddable":true,"href":"https:\/\/www.stockelevents.de\/katalog\/wp-json\/wp\/v2\/product_tag?post=7076"}],"curies":[{"name":"wp","href":"https:\/\/api.w.org\/{rel}","templated":true}]}}