{"id":7086,"date":"2026-01-26T14:23:21","date_gmt":"2026-01-26T13:23:21","guid":{"rendered":"https:\/\/www.stockelevents.de\/katalog\/?post_type=product&#038;p=7086"},"modified":"2026-01-27T12:18:46","modified_gmt":"2026-01-27T11:18:46","slug":"cocktailpakete","status":"publish","type":"product","link":"https:\/\/www.stockelevents.de\/katalog\/produkt\/cocktailpakete\/","title":{"rendered":"Cocktailpakete"},"content":{"rendered":"<div class=\"page\" title=\"Page 4\">\n<div class=\"layoutArea\">\n<div class=\"column\">\n<p>50 Cocktails inklusive &#8211; 350\u20ac inkl. MwSt.<br \/>\n&#8211; ideal f\u00fcr 20 Personen, 3h inklusive<br \/>\n-3h inklusive, jeder weitere Cocktail 6,50\u20ac\/ jede weitere Stunde 30\u20ac<\/p>\n<p>100 Cocktails inklusive &#8211; 650,00\u20ac inkl. MWSt.<br \/>\n-ideal f\u00fcr ca. 40 Personen, 4h inklusive<br \/>\n-jeder weiterer Cocktail 6\u20ac, jede weitere Stunde 30\u20ac<\/p>\n<p>150 Cocktails inklusive &#8211; 930\u20ac inkl. MwSt.<br \/>\n-Ideal fu\u0308r ca. 75 Personen, 5h inklusive<br \/>\n-jeder weiterer Cocktail 5,50\u20ac, jede weitere Stunde 60\u20ac<\/p>\n<\/div>\n<p>alle Pakete beinhalten: Tresen, Getr\u00e4nke, Gl\u00e4ser, K\u00fchlung und Zubeh\u00f6r<\/p>\n<\/div>\n<\/div>\n","protected":false},"excerpt":{"rendered":"<p>50 Cocktails inklusive &#8211; 350\u20ac inkl. MwSt. &#8211; ideal f\u00fcr 20 Personen, 3h inklusive -3h inklusive, jeder weitere Cocktail 6,50\u20ac\/ jede weitere Stunde 30\u20ac 100 Cocktails inklusive &#8211; 650,00\u20ac inkl. MWSt. -ideal f\u00fcr ca. 40 Personen, 4h inklusive -jeder weiterer Cocktail 6\u20ac, jede weitere Stunde 30\u20ac 150 Cocktails inklusive &#8211; 930\u20ac inkl. MwSt. -Ideal fu\u0308r [&hellip;]<\/p>\n","protected":false},"featured_media":7085,"template":"","meta":{"_acf_changed":false},"product_brand":[],"product_cat":[505,300],"product_tag":[328,509,354],"class_list":{"0":"post-7086","1":"product","2":"type-product","3":"status-publish","4":"has-post-thumbnail","6":"product_cat-dienstleistung","7":"product_cat-mobile-cocktailbar","8":"product_tag-bar","9":"product_tag-cocktails","10":"product_tag-getraenke","12":"first","13":"instock","14":"featured","15":"shipping-taxable","16":"product-type-simple"},"acf":[],"_links":{"self":[{"href":"https:\/\/www.stockelevents.de\/katalog\/wp-json\/wp\/v2\/product\/7086","targetHints":{"allow":["GET"]}}],"collection":[{"href":"https:\/\/www.stockelevents.de\/katalog\/wp-json\/wp\/v2\/product"}],"about":[{"href":"https:\/\/www.stockelevents.de\/katalog\/wp-json\/wp\/v2\/types\/product"}],"wp:featuredmedia":[{"embeddable":true,"href":"https:\/\/www.stockelevents.de\/katalog\/wp-json\/wp\/v2\/media\/7085"}],"wp:attachment":[{"href":"https:\/\/www.stockelevents.de\/katalog\/wp-json\/wp\/v2\/media?parent=7086"}],"wp:term":[{"taxonomy":"product_brand","embeddable":true,"href":"https:\/\/www.stockelevents.de\/katalog\/wp-json\/wp\/v2\/product_brand?post=7086"},{"taxonomy":"product_cat","embeddable":true,"href":"https:\/\/www.stockelevents.de\/katalog\/wp-json\/wp\/v2\/product_cat?post=7086"},{"taxonomy":"product_tag","embeddable":true,"href":"https:\/\/www.stockelevents.de\/katalog\/wp-json\/wp\/v2\/product_tag?post=7086"}],"curies":[{"name":"wp","href":"https:\/\/api.w.org\/{rel}","templated":true}]}}