{"id":7094,"date":"2026-01-27T08:43:25","date_gmt":"2026-01-27T07:43:25","guid":{"rendered":"https:\/\/www.stockelevents.de\/katalog\/?post_type=product&#038;p=7094"},"modified":"2026-01-27T10:01:56","modified_gmt":"2026-01-27T09:01:56","slug":"faltpavillon-4x4m","status":"publish","type":"product","link":"https:\/\/www.stockelevents.de\/katalog\/produkt\/faltpavillon-4x4m\/","title":{"rendered":"Faltpavillon 4x4m"},"content":{"rendered":"<ul>\n<li>in schwarz und wei\u00df verf\u00fcgbar.<\/li>\n<li>Inkl. Seitenteile und Erdn\u00e4gel<\/li>\n<\/ul>\n<p>weitere Gr\u00f6\u00dfen: 8&#215;4 m, 12&#215;4 m, 16&#215;4 m<\/p>\n","protected":false},"excerpt":{"rendered":"<p>in schwarz und wei\u00df verf\u00fcgbar. Inkl. Seitenteile und Erdn\u00e4gel weitere Gr\u00f6\u00dfen: 8&#215;4 m, 12&#215;4 m, 16&#215;4 m<\/p>\n","protected":false},"featured_media":7093,"template":"","meta":{"_acf_changed":false},"product_brand":[],"product_cat":[298],"product_tag":[511,497],"class_list":{"0":"post-7094","1":"product","2":"type-product","3":"status-publish","4":"has-post-thumbnail","6":"product_cat-partyzelt","7":"product_tag-pavillon","8":"product_tag-zelt","10":"first","11":"instock","12":"shipping-taxable","13":"purchasable","14":"product-type-simple"},"acf":[],"_links":{"self":[{"href":"https:\/\/www.stockelevents.de\/katalog\/wp-json\/wp\/v2\/product\/7094","targetHints":{"allow":["GET"]}}],"collection":[{"href":"https:\/\/www.stockelevents.de\/katalog\/wp-json\/wp\/v2\/product"}],"about":[{"href":"https:\/\/www.stockelevents.de\/katalog\/wp-json\/wp\/v2\/types\/product"}],"wp:featuredmedia":[{"embeddable":true,"href":"https:\/\/www.stockelevents.de\/katalog\/wp-json\/wp\/v2\/media\/7093"}],"wp:attachment":[{"href":"https:\/\/www.stockelevents.de\/katalog\/wp-json\/wp\/v2\/media?parent=7094"}],"wp:term":[{"taxonomy":"product_brand","embeddable":true,"href":"https:\/\/www.stockelevents.de\/katalog\/wp-json\/wp\/v2\/product_brand?post=7094"},{"taxonomy":"product_cat","embeddable":true,"href":"https:\/\/www.stockelevents.de\/katalog\/wp-json\/wp\/v2\/product_cat?post=7094"},{"taxonomy":"product_tag","embeddable":true,"href":"https:\/\/www.stockelevents.de\/katalog\/wp-json\/wp\/v2\/product_tag?post=7094"}],"curies":[{"name":"wp","href":"https:\/\/api.w.org\/{rel}","templated":true}]}}